{"id":521,"date":"2024-09-16T15:28:34","date_gmt":"2024-09-16T12:28:34","guid":{"rendered":"https:\/\/staging-cf.sleekpress.com\/?page_id=521"},"modified":"2025-03-20T10:18:41","modified_gmt":"2025-03-20T08:18:41","slug":"contacts","status":"publish","type":"page","link":"https:\/\/staging-cf.sleekpress.com\/en\/contacts\/","title":{"rendered":"Contact"},"content":{"rendered":"<section class=\"hero-kont hero section has-separator-bottom cc-sct\"><picture><img decoding=\"async\" class=\"parameter-img parameter-image-1 parameter-single\" src=\"https:\/\/staging-cf.sleekpress.com\/wp-content\/uploads\/2025\/02\/FONS_1-scaled.jpg\" alt=\"Kred\u012bts uz\u0146\u0113mumiem, kred\u012bts uz\u0146\u0113mumam, kred\u012bts uz\u0146\u0113mumiem bez \u0137\u012blas, \u0101trais kred\u012bts uz\u0146\u0113mumam, kred\u012bts uz\u0146\u0113mumam bez \u0137\u012blas, Kred\u012bts Uz\u0146\u0113mumiem S\u0101kot no \u20ac10&#039;000 l\u012bdz \u20ac200&#039;000. Piesakies Kred\u012bts uz\u0146\u0113mumiem un pa\u0101trini sava uz\u0146\u0113muma izaugsmi. Sa\u0146em kred\u012btu ar termi\u0146u l\u012bdz 2 gadiem no 0.5% m\u0113nes\u012b. | cityfinances.lv, \u0101trais kred\u012bts uz\u0146\u0113mumiem, aizdevums juridiskai personai, aizdevums uz\u0146\u0113mumam, aizdevums uz\u0146\u0113mumiem, kred\u012btl\u012bnija uz\u0146\u0113mumiem, kred\u012bts juridisk\u0101m person\u0101m, finans\u0113jums, kr\u0101jumu finans\u0113\u0161ana, ieprikumu finans\u0113\u0161ana\"><\/picture>\n\n\n<div class=\"z-10 section-container hero__container cc-cntr\">\n<h1 class=\"max-w-[650px] hero-title\">Get the most suitable funding for your business<\/h1>\n\n\n\n<ul class=\"checkmark-list font-l\">\n<li>Find answers to your questions<\/li>\n\n\n\n<li>Get an offer for your business<\/li>\n\n\n\n<li>Explore your company\u2019s opportunities<\/li>\n\n\n\n<li>Apply for a free consultation<\/li>\n<\/ul>\n\n\n\n<a class=\"max-w-[384px] button-with-arrow cc-btn\" href=\"#form\">Apply now<svg xmlns=\"http:\/\/www.w3.org\/2000\/svg\" viewbox=\"0 0 32 32\"><path d=\"M27.707 16.707l-9 9c-0.181 0.181-0.431 0.293-0.707 0.293-0.553 0-1.001-0.448-1.001-1.001 0-0.276 0.112-0.526 0.293-0.707l7.294-7.293h-19.586c-0.552 0-1-0.448-1-1s0.448-1 1-1v0h19.586l-7.294-7.293c-0.181-0.181-0.293-0.431-0.293-0.707 0-0.553 0.448-1.001 1.001-1.001 0.276 0 0.526 0.112 0.707 0.293v0l9 9c0.181 0.181 0.293 0.431 0.293 0.707s-0.112 0.526-0.293 0.707v0z\"><\/path><\/svg><\/a>\n<\/div>\n<\/section>\n\n\n\n<section class=\"dark-section separator-top-grey separator-bottom-grey cc-sct\">\n<div class=\"section-container cc-cntr\">\n<div>\n<h2 class=\"text-center mb-2 section-heading\">Contact us<\/h2>\n\n\n\n<p class=\"text-center font-m translation-block\">Find out how we can help your business reach its goals fast and simple.\nFill out the application, and we will contact you within one day.<\/p>\n<\/div>\n\n\n\n<div id=\"form\" class=\"calculator-form-wrap\">\n<div class=\"calculator\">\n<p class=\"text-center font-l\">How much funding you need?<\/p>\n\n\n\n<div class=\"calculator__selected-amount\">\n<p id=\"selectedAmount\" class=\"font-semibold font-l\">10 000 \u20ac<\/p>\n<\/div>\n\n\n\n<div class=\"calculator__slider-container\">\n<input id=\"loanAmountSlider\" class=\"calculator__slider\" type=\"range\" min=\"10000\" max=\"300000\" value=\"10000\" step=\"1000\"\/>\n\n\n\n<div class=\"calculator__slider-labels\">\n<span>10 000 \u20ac<\/span>\n\n\n\n<span>300 000 \u20ac<\/span>\n<\/div>\n<\/div>\n\n\n\n<div class=\"calculator__term-selection\">\n<p class=\"text-center\">Choose cash flow funding term (in months)<\/p>\n\n\n\n<div class=\"calculator__terms\">\n<button class=\"calculator__term-btn\" data-term=\"1\">1<\/button>\n\n\n\n<button class=\"calculator__term-btn\" data-term=\"3\">3<\/button>\n\n\n\n<button class=\"calculator__term-btn\" data-term=\"6\">6<\/button>\n\n\n\n<button class=\"calculator__term-btn\" data-term=\"9\">9<\/button>\n\n\n\n<button class=\"calculator__term-btn\" data-term=\"12\">12<\/button>\n\n\n\n<button class=\"calculator__term-btn\" data-term=\"18\">18<\/button>\n\n\n\n<button class=\"calculator__term-btn\" data-term=\"24\">24<\/button>\n\n\n\n<button class=\"calculator__term-btn\" data-term=\"36\">36<\/button>\n<\/div>\n<\/div>\n\n\n\n<div class=\"calculator__monthly-payment\">\n<p>Monthly payment<\/p>\n\n\n\n<p id=\"monthlyPayment\" class=\"font-semibold font-l\">1 755 \u20ac<\/p>\n<\/div>\n\n\n\n<div class=\"calculator__summary\">\n<p class=\"calculator__summary-item\">\n<span class=\"font-xs\">Total interest<\/span>\n\n\n\n<span id=\"totalInterest\">530\u20ac<\/span>\n<\/p>\n\n\n\n<div class=\"calculator__summary-item\">\n<span class=\"font-xs\">Total principal + interest<\/span>\n\n\n\n<span id=\"totalAmount\">10 530\u20ac<\/span>\n<\/div>\n\n\n\n<p class=\"calculator__summary-disclamer font-2xs\">Want to know your exact personalized interest rates? Apply now! The calculator provides indicative rates, but you'll get a tailored offer after you submit your application.<\/p>\n<\/div>\n<\/div>\n\n\n\n<div class=\"form-wrap\"><form action=\"https:\/\/staging-cf.sleekpress.com\/en\/wp-json\/ws-form\/v1\/submit\" class=\"wsf-form wsf-form-canvas\" id=\"ws-form-1\" data-id=\"2\"  data-instance-id=\"1\"  method=\"POST\" data-wsf-style-id=\"1\" data-trp-original-action=\"https:\/\/staging-cf.sleekpress.com\/en\/wp-json\/ws-form\/v1\/submit\"><input type=\"hidden\" name=\"trp-form-language\" value=\"en\"\/><\/form><\/div>\n<\/div>\n\n\n\n<div class=\"gap-y-4 flex flex-col cta-button-wrap\">\n<p class=\"text-center\">Your data is protected \u2013 we respect your privacy<\/p>\n\n\n\n<button id=\"ws-submit\" class=\"max-w-[374px] cta-button cc-btn\">Get the best offer<\/button>\n<\/div>\n<\/div>\n<\/section>\n\n\n\n<section class=\"dark-section section cc-sct\">\n<div class=\"section-container container-center cc-cntr\">\n<div>\n<h2 class=\"text-center mb-2 section-heading\">Our contacts<\/h2>\n<\/div>\n\n\n\n<p class=\"text-center font-l\">Cityfinances SIA\u2028<br>Re\u0123. Nr. 40103207511\u2028<br>Adrese:\u00a0Skanstes 7, k-1,\u2028<br>R\u012bga, LV-1013, Latvija<\/p>\n\n\n\n<div class=\"contact-info\">\n<a class=\"contact-info__item font-l\" href=\"mailto:info@cityfinances.lv\">\n<img decoding=\"async\" class=\"cc-img\" src=\"https:\/\/staging-cf.sleekpress.com\/wp-content\/uploads\/2025\/02\/envelope-icon.svg\" width=\"\" height=\"\" alt=\"\"\/>\n\n\n\n<span>info@cityfinances.lv<\/span>\n<\/a>\n\n\n\n<a class=\"contact-info__item font-l\" href=\"tel:+371 23000777\">\n<img decoding=\"async\" class=\"cc-img\" src=\"https:\/\/staging-cf.sleekpress.com\/wp-content\/uploads\/2025\/02\/phone-icon.svg\" width=\"\" height=\"\" alt=\"\"\/>\n\n\n\n<span>+371 23000777<\/span>\n<\/a>\n<\/div>\n\n\n\n<div class=\"location-map\"> <iframe src=\"https:\/\/www.google.com\/maps\/embed?pb=!1m18!1m12!1m3!1d2175.0057669962493!2d24.114992877785337!3d56.96583369791285!2m3!1f0!2f0!3f0!3m2!1i1024!2i768!4f13.1!3m3!1m2!1s0x46eecf567534ff8f%3A0x4aa228f52dac3ce5!2zQ0lUWUZJTkFOQ0VTIEtSRUTEqlRTIFVaxYXEkk1VTUFNIEzEqkRaIOKCrDIwMOKAmTAwMCwgU0HFhUVNIDEwMCUgRU5FUsSiSUpBUyBMxIBEScWFVSBUQVZBTSBCSVpORVNBTSBKQVUgxaBPRElFTg!5e0!3m2!1slv!2slv!4v1722248667907!5m2!1slv!2slv\" width=\"600\" height=\"450\" style=\"border:0;\" allowfullscreen=\"\" loading=\"lazy\" referrerpolicy=\"no-referrer-when-downgrade\"><\/iframe><\/div>\n<\/div>\n<\/section>\n\n\n\n<section class=\"section-cefd16f has-separator-bottom has-separator-top separator-top-dark-blue cc-sct\">\n<img decoding=\"async\" class=\"image-c8ebe0d cc-img\" src=\"https:\/\/staging-cf.sleekpress.com\/wp-content\/uploads\/2025\/03\/22174877661b8d01363431f00fbf3120.webp\" srcset=\"https:\/\/staging-cf.sleekpress.com\/wp-content\/uploads\/2025\/03\/22174877661b8d01363431f00fbf3120.webp 2000w, https:\/\/staging-cf.sleekpress.com\/wp-content\/uploads\/2025\/03\/22174877661b8d01363431f00fbf3120-300x181.webp 300w, https:\/\/staging-cf.sleekpress.com\/wp-content\/uploads\/2025\/03\/22174877661b8d01363431f00fbf3120-1024x617.webp 1024w, https:\/\/staging-cf.sleekpress.com\/wp-content\/uploads\/2025\/03\/22174877661b8d01363431f00fbf3120-768x463.webp 768w, https:\/\/staging-cf.sleekpress.com\/wp-content\/uploads\/2025\/03\/22174877661b8d01363431f00fbf3120-1536x926.webp 1536w, https:\/\/staging-cf.sleekpress.com\/wp-content\/uploads\/2025\/03\/22174877661b8d01363431f00fbf3120-18x12.webp 18w\" sizes=\"(max-width: 2000px) 100vw, 2000px\" width=\"2000\" height=\"1206\" alt=\"Kred\u012bts uz\u0146\u0113mumiem, kred\u012bts uz\u0146\u0113mumam, kred\u012bts uz\u0146\u0113mumiem bez \u0137\u012blas, \u0101trais kred\u012bts uz\u0146\u0113mumam, kred\u012bts uz\u0146\u0113mumam bez \u0137\u012blas, Kred\u012bts Uz\u0146\u0113mumiem S\u0101kot no 10'000\u20ac l\u012bdz 300'000\u20ac. Piesakies Kred\u012bts uz\u0146\u0113mumiem un pa\u0101trini sava uz\u0146\u0113muma izaugsmi. Sa\u0146em kred\u012btu ar termi\u0146u l\u012bdz 3 gadiem no 0.5% m\u0113nes\u012b. | cityfinances.lv, \u0101trais kred\u012bts uz\u0146\u0113mumiem, aizdevums juridiskai personai, aizdevums uz\u0146\u0113mumam, aizdevums uz\u0146\u0113mumiem, kred\u012btl\u012bnija uz\u0146\u0113mumiem, kred\u012bts juridisk\u0101m person\u0101m, l\u012bzings, finans\u0113jums,\"\/>\n\n\n\n<div class=\"div-cb37d38\"><\/div>\n\n\n\n<div class=\"container-cd33941 footer-cta_container cc-cntr\">\n<h1 class=\"text-white mb-3 leading-[1] max-w-[1098px] translation-block\">Cityfinances SME financing<br>\nwhatever your goal may be<\/h1>\n\n\n\n<ul class=\"checkmark-list-about max-w-[940px] text-white checkmark-list font-l\">\n<li>\n<div>\n<p class=\"font-semibold\">Let\u2019s understand your goal<\/p>\n\n\n\n<p class=\"text-xl leading-tight translation-block\">Together, we\u2019ll assess which solution best helps your business thrive.<\/p>\n<\/div>\n<\/li>\n\n\n\n<li>\n<div>\n<p class=\"font-semibold\">Fast decision-making<\/p>\n\n\n\n<p class=\"text-xl leading-tight translation-block\">Our team will review your application within just a few hours and prepare a personalized offer.<\/p>\n<\/div>\n<\/li>\n\n\n\n<li>\n<div>\n<p class=\"font-semibold\">Data security &amp; transparency<\/p>\n\n\n\n<p class=\"text-xl leading-tight translation-block\">No hidden fees or complicated terms \u2013 we understand how important it is to trust who you share your business plans with.<\/p>\n<\/div>\n<\/li>\n\n\n\n<li>\n<div>\n<p class=\"font-semibold\">Long-term partnership<\/p>\n\n\n\n<p class=\"text-xl leading-tight translation-block\">This isn\u2019t just a one-time deal \u2013 we want to stand by your side in the future, celebrate your achievements together, and help you overcome any challenges.<\/p>\n<\/div>\n<\/li>\n<\/ul>\n\n\n\n<div class=\"cta-button-wrap\">\n<a class=\"mt-6 w-[100%] max-w-[446px] button-with-arrow button-with-shadow cc-btn\" href=\"#form\">Get the best offer<svg xmlns=\"http:\/\/www.w3.org\/2000\/svg\" viewbox=\"0 0 32 32\"><path d=\"M27.707 16.707l-9 9c-0.181 0.181-0.431 0.293-0.707 0.293-0.553 0-1.001-0.448-1.001-1.001 0-0.276 0.112-0.526 0.293-0.707l7.294-7.293h-19.586c-0.552 0-1-0.448-1-1s0.448-1 1-1v0h19.586l-7.294-7.293c-0.181-0.181-0.293-0.431-0.293-0.707 0-0.553 0.448-1.001 1.001-1.001 0.276 0 0.526 0.112 0.707 0.293v0l9 9c0.181 0.181 0.293 0.431 0.293 0.707s-0.112 0.526-0.293 0.707v0z\"><\/path><\/svg><\/a>\n<\/div>\n<\/div>\n<\/section>","protected":false},"excerpt":{"rendered":"","protected":false},"author":1,"featured_media":1092,"parent":0,"menu_order":0,"comment_status":"closed","ping_status":"closed","template":"","meta":{"_acf_changed":false,"footnotes":""},"class_list":["post-521","page","type-page","status-publish","has-post-thumbnail","hentry"],"acf":[],"yoast_head":"<!-- This site is optimized with the Yoast SEO plugin v26.1.1 - https:\/\/yoast.com\/wordpress\/plugins\/seo\/ -->\n<title>Cityfinances aizdevums uz\u0146\u0113mumam l\u012bdz 300&#039;000\u20ac<\/title>\n<meta name=\"description\" content=\"Cityfinances aizdevums uz\u0146\u0113mumam no 10&#039;000\u20ac l\u012bdz 300&#039;000\u20ac dienas laik\u0101. Piesakies un veicini sava biznesa izaugsmi!\" \/>\n<meta name=\"robots\" content=\"noindex, follow, max-snippet:-1, max-image-preview:large, max-video-preview:-1\" \/>\n<meta property=\"og:locale\" content=\"en_US\" \/>\n<meta property=\"og:type\" content=\"article\" \/>\n<meta property=\"og:title\" content=\"Cityfinances aizdevums uz\u0146\u0113mumam l\u012bdz 300&#039;000\u20ac\" \/>\n<meta property=\"og:description\" content=\"Cityfinances aizdevums uz\u0146\u0113mumam no 10&#039;000\u20ac l\u012bdz 300&#039;000\u20ac dienas laik\u0101. Piesakies un veicini sava biznesa izaugsmi!\" \/>\n<meta property=\"og:url\" content=\"https:\/\/staging-cf.sleekpress.com\/en\/contacts\/\" \/>\n<meta property=\"og:site_name\" content=\"Cityfinances\" \/>\n<meta property=\"article:modified_time\" content=\"2025-03-20T08:18:41+00:00\" \/>\n<meta property=\"og:image\" content=\"https:\/\/staging-cf.sleekpress.com\/wp-content\/uploads\/2025\/03\/kontakti-min.jpg\" \/>\n\t<meta property=\"og:image:width\" content=\"1600\" \/>\n\t<meta property=\"og:image:height\" content=\"900\" \/>\n\t<meta property=\"og:image:type\" content=\"image\/jpeg\" \/>\n<meta name=\"twitter:card\" content=\"summary_large_image\" \/>\n<meta name=\"twitter:label1\" content=\"Est. reading time\" \/>\n\t<meta name=\"twitter:data1\" content=\"2 minutes\" \/>\n<script type=\"application\/ld+json\" class=\"yoast-schema-graph\">{\"@context\":\"https:\/\/schema.org\",\"@graph\":[{\"@type\":\"WebPage\",\"@id\":\"https:\/\/staging-cf.sleekpress.com\/kontakti\/\",\"url\":\"https:\/\/staging-cf.sleekpress.com\/kontakti\/\",\"name\":\"Cityfinances aizdevums uz\u0146\u0113mumam l\u012bdz 300'000\u20ac\",\"isPartOf\":{\"@id\":\"https:\/\/staging-cf.sleekpress.com\/#website\"},\"primaryImageOfPage\":{\"@id\":\"https:\/\/staging-cf.sleekpress.com\/kontakti\/#primaryimage\"},\"image\":{\"@id\":\"https:\/\/staging-cf.sleekpress.com\/kontakti\/#primaryimage\"},\"thumbnailUrl\":\"https:\/\/staging-cf.sleekpress.com\/wp-content\/uploads\/2025\/02\/FONS_1-scaled.jpg\",\"datePublished\":\"2024-09-16T12:28:34+00:00\",\"dateModified\":\"2025-03-20T08:18:41+00:00\",\"description\":\"Cityfinances aizdevums uz\u0146\u0113mumam no 10'000\u20ac l\u012bdz 300'000\u20ac dienas laik\u0101. Piesakies un veicini sava biznesa izaugsmi!\",\"breadcrumb\":{\"@id\":\"https:\/\/staging-cf.sleekpress.com\/kontakti\/#breadcrumb\"},\"inLanguage\":\"en-US\",\"potentialAction\":[{\"@type\":\"ReadAction\",\"target\":[\"https:\/\/staging-cf.sleekpress.com\/kontakti\/\"]}]},{\"@type\":\"ImageObject\",\"inLanguage\":\"en-US\",\"@id\":\"https:\/\/staging-cf.sleekpress.com\/kontakti\/#primaryimage\",\"url\":\"https:\/\/staging-cf.sleekpress.com\/wp-content\/uploads\/2025\/02\/FONS_1-scaled.jpg\",\"contentUrl\":\"https:\/\/staging-cf.sleekpress.com\/wp-content\/uploads\/2025\/02\/FONS_1-scaled.jpg\",\"width\":2560,\"height\":1159,\"caption\":\"Kred\u012bts uz\u0146\u0113mumiem, kred\u012bts uz\u0146\u0113mumam, kred\u012bts uz\u0146\u0113mumiem bez \u0137\u012blas, \u0101trais kred\u012bts uz\u0146\u0113mumam, kred\u012bts uz\u0146\u0113mumam bez \u0137\u012blas, Kred\u012bts Uz\u0146\u0113mumiem S\u0101kot no \u20ac10'000 l\u012bdz \u20ac200'000. Piesakies Kred\u012bts uz\u0146\u0113mumiem un pa\u0101trini sava uz\u0146\u0113muma izaugsmi. Sa\u0146em kred\u012btu ar termi\u0146u l\u012bdz 2 gadiem no 0.5% m\u0113nes\u012b. | cityfinances.lv, \u0101trais kred\u012bts uz\u0146\u0113mumiem, aizdevums juridiskai personai, aizdevums uz\u0146\u0113mumam, aizdevums uz\u0146\u0113mumiem, kred\u012btl\u012bnija uz\u0146\u0113mumiem, kred\u012bts juridisk\u0101m person\u0101m,\"},{\"@type\":\"BreadcrumbList\",\"@id\":\"https:\/\/staging-cf.sleekpress.com\/kontakti\/#breadcrumb\",\"itemListElement\":[{\"@type\":\"ListItem\",\"position\":1,\"name\":\"Home\",\"item\":\"https:\/\/staging-cf.sleekpress.com\/\"},{\"@type\":\"ListItem\",\"position\":2,\"name\":\"Kontakti\"}]},{\"@type\":\"WebSite\",\"@id\":\"https:\/\/staging-cf.sleekpress.com\/#website\",\"url\":\"https:\/\/staging-cf.sleekpress.com\/\",\"name\":\"Cityfinances\",\"description\":\"\",\"publisher\":{\"@id\":\"https:\/\/staging-cf.sleekpress.com\/#organization\"},\"potentialAction\":[{\"@type\":\"SearchAction\",\"target\":{\"@type\":\"EntryPoint\",\"urlTemplate\":\"https:\/\/staging-cf.sleekpress.com\/?s={search_term_string}\"},\"query-input\":{\"@type\":\"PropertyValueSpecification\",\"valueRequired\":true,\"valueName\":\"search_term_string\"}}],\"inLanguage\":\"en-US\"},{\"@type\":\"Organization\",\"@id\":\"https:\/\/staging-cf.sleekpress.com\/#organization\",\"name\":\"Cityfinances\",\"alternateName\":\"CF\",\"url\":\"https:\/\/staging-cf.sleekpress.com\/\",\"logo\":{\"@type\":\"ImageObject\",\"inLanguage\":\"en-US\",\"@id\":\"https:\/\/staging-cf.sleekpress.com\/#\/schema\/logo\/image\/\",\"url\":\"https:\/\/staging-cf.sleekpress.com\/wp-content\/uploads\/2025\/03\/favicon-new.png\",\"contentUrl\":\"https:\/\/staging-cf.sleekpress.com\/wp-content\/uploads\/2025\/03\/favicon-new.png\",\"width\":512,\"height\":512,\"caption\":\"Cityfinances\"},\"image\":{\"@id\":\"https:\/\/staging-cf.sleekpress.com\/#\/schema\/logo\/image\/\"}}]}<\/script>\n<!-- \/ Yoast SEO plugin. -->","yoast_head_json":{"title":"Cityfinances SME financing up to 300'000\u20ac","description":"Cityfinances SME financing from 10\u2019000\u20ac to 300\u2019000\u20ac in a day. Apply and drive your business success!","robots":{"index":"noindex","follow":"follow","max-snippet":"max-snippet:-1","max-image-preview":"max-image-preview:large","max-video-preview":"max-video-preview:-1"},"og_locale":"en_US","og_type":"article","og_title":"Cityfinances aizdevums uz\u0146\u0113mumam l\u012bdz 300'000\u20ac","og_description":"Cityfinances aizdevums uz\u0146\u0113mumam no 10'000\u20ac l\u012bdz 300'000\u20ac dienas laik\u0101. Piesakies un veicini sava biznesa izaugsmi!","og_url":"https:\/\/staging-cf.sleekpress.com\/en\/contacts\/","og_site_name":"Cityfinances","article_modified_time":"2025-03-20T08:18:41+00:00","og_image":[{"width":1600,"height":900,"url":"https:\/\/staging-cf.sleekpress.com\/wp-content\/uploads\/2025\/03\/kontakti-min.jpg","type":"image\/jpeg"}],"twitter_card":"summary_large_image","twitter_misc":{"Est. reading time":"2 minutes"},"schema":{"@context":"https:\/\/schema.org","@graph":[{"@type":"WebPage","@id":"https:\/\/staging-cf.sleekpress.com\/kontakti\/","url":"https:\/\/staging-cf.sleekpress.com\/kontakti\/","name":"Cityfinances SME financing up to 300'000\u20ac","isPartOf":{"@id":"https:\/\/staging-cf.sleekpress.com\/#website"},"primaryImageOfPage":{"@id":"https:\/\/staging-cf.sleekpress.com\/kontakti\/#primaryimage"},"image":{"@id":"https:\/\/staging-cf.sleekpress.com\/kontakti\/#primaryimage"},"thumbnailUrl":"https:\/\/staging-cf.sleekpress.com\/wp-content\/uploads\/2025\/02\/FONS_1-scaled.jpg","datePublished":"2024-09-16T12:28:34+00:00","dateModified":"2025-03-20T08:18:41+00:00","description":"Cityfinances SME financing from 10\u2019000\u20ac to 300\u2019000\u20ac in a day. Apply and drive your business success!","breadcrumb":{"@id":"https:\/\/staging-cf.sleekpress.com\/kontakti\/#breadcrumb"},"inLanguage":"en-US","potentialAction":[{"@type":"ReadAction","target":["https:\/\/staging-cf.sleekpress.com\/kontakti\/"]}]},{"@type":"ImageObject","inLanguage":"en-US","@id":"https:\/\/staging-cf.sleekpress.com\/kontakti\/#primaryimage","url":"https:\/\/staging-cf.sleekpress.com\/wp-content\/uploads\/2025\/02\/FONS_1-scaled.jpg","contentUrl":"https:\/\/staging-cf.sleekpress.com\/wp-content\/uploads\/2025\/02\/FONS_1-scaled.jpg","width":2560,"height":1159,"caption":"Kred\u012bts uz\u0146\u0113mumiem, kred\u012bts uz\u0146\u0113mumam, kred\u012bts uz\u0146\u0113mumiem bez \u0137\u012blas, \u0101trais kred\u012bts uz\u0146\u0113mumam, kred\u012bts uz\u0146\u0113mumam bez \u0137\u012blas, Kred\u012bts Uz\u0146\u0113mumiem S\u0101kot no \u20ac10'000 l\u012bdz \u20ac200'000. Piesakies Kred\u012bts uz\u0146\u0113mumiem un pa\u0101trini sava uz\u0146\u0113muma izaugsmi. Sa\u0146em kred\u012btu ar termi\u0146u l\u012bdz 2 gadiem no 0.5% m\u0113nes\u012b. | cityfinances.lv, \u0101trais kred\u012bts uz\u0146\u0113mumiem, aizdevums juridiskai personai, aizdevums uz\u0146\u0113mumam, aizdevums uz\u0146\u0113mumiem, kred\u012btl\u012bnija uz\u0146\u0113mumiem, kred\u012bts juridisk\u0101m person\u0101m,"},{"@type":"BreadcrumbList","@id":"https:\/\/staging-cf.sleekpress.com\/kontakti\/#breadcrumb","itemListElement":[{"@type":"ListItem","position":1,"name":"Home","item":"https:\/\/staging-cf.sleekpress.com\/"},{"@type":"ListItem","position":2,"name":"Kontakti"}]},{"@type":"WebSite","@id":"https:\/\/staging-cf.sleekpress.com\/#website","url":"https:\/\/staging-cf.sleekpress.com\/","name":"Cityfinances","description":"","publisher":{"@id":"https:\/\/staging-cf.sleekpress.com\/#organization"},"potentialAction":[{"@type":"SearchAction","target":{"@type":"EntryPoint","urlTemplate":"https:\/\/staging-cf.sleekpress.com\/?s={search_term_string}"},"query-input":{"@type":"PropertyValueSpecification","valueRequired":true,"valueName":"search_term_string"}}],"inLanguage":"en-US"},{"@type":"Organization","@id":"https:\/\/staging-cf.sleekpress.com\/#organization","name":"Cityfinances","alternateName":"CF","url":"https:\/\/staging-cf.sleekpress.com\/","logo":{"@type":"ImageObject","inLanguage":"en-US","@id":"https:\/\/staging-cf.sleekpress.com\/#\/schema\/logo\/image\/","url":"https:\/\/staging-cf.sleekpress.com\/wp-content\/uploads\/2025\/03\/favicon-new.png","contentUrl":"https:\/\/staging-cf.sleekpress.com\/wp-content\/uploads\/2025\/03\/favicon-new.png","width":512,"height":512,"caption":"Cityfinances"},"image":{"@id":"https:\/\/staging-cf.sleekpress.com\/#\/schema\/logo\/image\/"}}]}},"_links":{"self":[{"href":"https:\/\/staging-cf.sleekpress.com\/en\/wp-json\/wp\/v2\/pages\/521","targetHints":{"allow":["GET"]}}],"collection":[{"href":"https:\/\/staging-cf.sleekpress.com\/en\/wp-json\/wp\/v2\/pages"}],"about":[{"href":"https:\/\/staging-cf.sleekpress.com\/en\/wp-json\/wp\/v2\/types\/page"}],"author":[{"embeddable":true,"href":"https:\/\/staging-cf.sleekpress.com\/en\/wp-json\/wp\/v2\/users\/1"}],"replies":[{"embeddable":true,"href":"https:\/\/staging-cf.sleekpress.com\/en\/wp-json\/wp\/v2\/comments?post=521"}],"version-history":[{"count":10,"href":"https:\/\/staging-cf.sleekpress.com\/en\/wp-json\/wp\/v2\/pages\/521\/revisions"}],"predecessor-version":[{"id":1641,"href":"https:\/\/staging-cf.sleekpress.com\/en\/wp-json\/wp\/v2\/pages\/521\/revisions\/1641"}],"wp:featuredmedia":[{"embeddable":true,"href":"https:\/\/staging-cf.sleekpress.com\/en\/wp-json\/wp\/v2\/media\/1092"}],"wp:attachment":[{"href":"https:\/\/staging-cf.sleekpress.com\/en\/wp-json\/wp\/v2\/media?parent=521"}],"curies":[{"name":"wp","href":"https:\/\/api.w.org\/{rel}","templated":true}]}}